{"id":8341,"date":"2026-04-19T21:01:30","date_gmt":"2026-04-19T21:01:30","guid":{"rendered":"https:\/\/quartzjewels.com\/sl\/?post_type=product&#038;p=8341"},"modified":"2026-04-25T21:47:19","modified_gmt":"2026-04-25T21:47:19","slug":"uhani-jade","status":"publish","type":"product","link":"https:\/\/quartzjewels.com\/sl\/product\/uhani-jade\/","title":{"rendered":"Uhani JADE"},"content":{"rendered":"<p>V svojo kolekcijo nakita vnesite kan\u010dek sofisticiranosti z uhani JADE. Narejeni iz 316L nerjavnega jekla, so ti uhani hipoalergeni in odporni na oksidacijo, kar zagotavlja dolgotrajno no\u0161enje brez dra\u017eenja. Njihova elegantna zasnova jih dela idealno darilo za ljubljene ali poseben pribolj\u0161ek za vas. Naravna lepota materialov se odra\u017ea, kar te uhane naredi vsestranski dodatek k kateri koli obleki. U\u017eivajte v udobju no\u0161enja stilskega nakita, ki izbolj\u0161a va\u0161 vsakdanji videz.<\/p>\n","protected":false},"excerpt":{"rendered":"<p>V svojo kolekcijo nakita vnesite kan\u010dek sofisticiranosti z uhani JADE. Narejeni iz 316L nerjavnega jekla, so ti uhani hipoalergeni in odporni na oksidacijo, kar zagotavlja dolgotrajno no\u0161enje brez dra\u017eenja. Njihova elegantna zasnova jih dela idealno darilo za ljubljene ali poseben pribolj\u0161ek za vas. Naravna lepota materialov se odra\u017ea, kar te uhane naredi vsestranski dodatek k [&hellip;]<\/p>\n","protected":false},"featured_media":8759,"comment_status":"closed","ping_status":"closed","template":"","meta":[],"product_brand":[],"product_cat":[282],"product_tag":[280,281],"class_list":{"0":"post-8341","1":"product","2":"type-product","3":"status-publish","4":"has-post-thumbnail","6":"product_cat-uhani","7":"product_tag-lbl","8":"product_tag-lblxtb0426","10":"first","11":"instock","12":"taxable","13":"shipping-taxable","14":"purchasable","15":"product-type-simple"},"_links":{"self":[{"href":"https:\/\/quartzjewels.com\/sl\/wp-json\/wp\/v2\/product\/8341","targetHints":{"allow":["GET"]}}],"collection":[{"href":"https:\/\/quartzjewels.com\/sl\/wp-json\/wp\/v2\/product"}],"about":[{"href":"https:\/\/quartzjewels.com\/sl\/wp-json\/wp\/v2\/types\/product"}],"replies":[{"embeddable":true,"href":"https:\/\/quartzjewels.com\/sl\/wp-json\/wp\/v2\/comments?post=8341"}],"wp:featuredmedia":[{"embeddable":true,"href":"https:\/\/quartzjewels.com\/sl\/wp-json\/wp\/v2\/media\/8759"}],"wp:attachment":[{"href":"https:\/\/quartzjewels.com\/sl\/wp-json\/wp\/v2\/media?parent=8341"}],"wp:term":[{"taxonomy":"product_brand","embeddable":true,"href":"https:\/\/quartzjewels.com\/sl\/wp-json\/wp\/v2\/product_brand?post=8341"},{"taxonomy":"product_cat","embeddable":true,"href":"https:\/\/quartzjewels.com\/sl\/wp-json\/wp\/v2\/product_cat?post=8341"},{"taxonomy":"product_tag","embeddable":true,"href":"https:\/\/quartzjewels.com\/sl\/wp-json\/wp\/v2\/product_tag?post=8341"}],"curies":[{"name":"wp","href":"https:\/\/api.w.org\/{rel}","templated":true}]}}