{"id":8123,"date":"2026-04-19T20:59:45","date_gmt":"2026-04-19T20:59:45","guid":{"rendered":"https:\/\/quartzjewels.com\/sl\/?post_type=product&#038;p=8123"},"modified":"2026-04-25T21:47:41","modified_gmt":"2026-04-25T21:47:41","slug":"oxanna-zapestnica","status":"publish","type":"product","link":"https:\/\/quartzjewels.com\/sl\/product\/oxanna-zapestnica\/","title":{"rendered":"OXANNA Zapestnica"},"content":{"rendered":"<p>Izbolj\u0161ajte svojo igro dodatkov z osupljivim kosom, ki zlahka zdru\u017euje eleganco in slog. Ta izjemna zapestnica je zasnovana tako, da poudari va\u0161o naravno lepoto, zaradi \u010desar je popoln dodatek k vsaki obleki, ne glede na to, ali se obla\u010dite za posebno prilo\u017enost ali svojemu vsakodnevnemu videzu dodate kan\u010dek glamurja.<\/p>\n<p>Izdelana iz visokokakovostnega kremena, ta zapestnica ne le sije z o\u010darljivim sijajem, ampak ponuja tudi edinstveno energijo, ki spodbuja ravnovesje in harmonijo. Prilagodljiva zasnova zagotavlja udobno prileganje za vse velikosti zapestja, kar vam omogo\u010da, da ga nosite z zaupanjem. Vsak kos je premi\u0161ljeno ustvarjen, zaradi \u010desar je enkraten zaklad, ki odra\u017ea va\u0161o individualnost.<\/p>\n<p>Prepustite se razko\u0161nemu ob\u010dutku te zapestnice in naj postane va\u0161 nepogre\u0161ljiv dodatek. Ne zamudite prilo\u017enosti, da si lastite kos, ki resni\u010dno pooseblja eleganco. Nakupujte zdaj in odkrijte, kako lahko ta \u010dudovita zapestnica spremeni va\u0161 stil!<\/p>\n","protected":false},"excerpt":{"rendered":"<p>Izbolj\u0161ajte svojo igro dodatkov z osupljivim kosom, ki zlahka zdru\u017euje eleganco in slog. Ta izjemna zapestnica je zasnovana tako, da poudari va\u0161o naravno lepoto, zaradi \u010desar je popoln dodatek k vsaki obleki, ne glede na to, ali se obla\u010dite za posebno prilo\u017enost ali svojemu vsakodnevnemu videzu dodate kan\u010dek glamurja. Izdelana iz visokokakovostnega kremena, ta zapestnica [&hellip;]<\/p>\n","protected":false},"featured_media":8541,"comment_status":"closed","ping_status":"closed","template":"","meta":[],"product_brand":[],"product_cat":[285],"product_tag":[280,281],"class_list":{"0":"post-8123","1":"product","2":"type-product","3":"status-publish","4":"has-post-thumbnail","6":"product_cat-narukvice","7":"product_tag-lbl","8":"product_tag-lblxtb0426","10":"first","11":"instock","12":"taxable","13":"shipping-taxable","14":"purchasable","15":"product-type-variable"},"_links":{"self":[{"href":"https:\/\/quartzjewels.com\/sl\/wp-json\/wp\/v2\/product\/8123","targetHints":{"allow":["GET"]}}],"collection":[{"href":"https:\/\/quartzjewels.com\/sl\/wp-json\/wp\/v2\/product"}],"about":[{"href":"https:\/\/quartzjewels.com\/sl\/wp-json\/wp\/v2\/types\/product"}],"replies":[{"embeddable":true,"href":"https:\/\/quartzjewels.com\/sl\/wp-json\/wp\/v2\/comments?post=8123"}],"wp:featuredmedia":[{"embeddable":true,"href":"https:\/\/quartzjewels.com\/sl\/wp-json\/wp\/v2\/media\/8541"}],"wp:attachment":[{"href":"https:\/\/quartzjewels.com\/sl\/wp-json\/wp\/v2\/media?parent=8123"}],"wp:term":[{"taxonomy":"product_brand","embeddable":true,"href":"https:\/\/quartzjewels.com\/sl\/wp-json\/wp\/v2\/product_brand?post=8123"},{"taxonomy":"product_cat","embeddable":true,"href":"https:\/\/quartzjewels.com\/sl\/wp-json\/wp\/v2\/product_cat?post=8123"},{"taxonomy":"product_tag","embeddable":true,"href":"https:\/\/quartzjewels.com\/sl\/wp-json\/wp\/v2\/product_tag?post=8123"}],"curies":[{"name":"wp","href":"https:\/\/api.w.org\/{rel}","templated":true}]}}