{"id":8072,"date":"2026-04-19T21:15:42","date_gmt":"2026-04-19T21:15:42","guid":{"rendered":"https:\/\/quartzjewels.com\/sk\/?post_type=product&#038;p=8072"},"modified":"2026-04-19T21:30:30","modified_gmt":"2026-04-19T21:30:30","slug":"tessa-charm-idealny-pre-vas-damsky-batoh","status":"publish","type":"product","link":"https:\/\/quartzjewels.com\/sk\/product\/tessa-charm-idealny-pre-vas-damsky-batoh\/","title":{"rendered":"TESSA Charm &#8211; Ide\u00e1lny pre V\u00e1\u0161 D\u00e1msky Batoh"},"content":{"rendered":"","protected":false},"excerpt":{"rendered":"","protected":false},"featured_media":8490,"comment_status":"closed","ping_status":"closed","template":"","meta":[],"product_brand":[],"product_cat":[286],"product_tag":[280,281],"class_list":{"0":"post-8072","1":"product","2":"type-product","3":"status-publish","4":"has-post-thumbnail","6":"product_cat-doplnky","7":"product_tag-lbl","8":"product_tag-lblxtb0426","10":"first","11":"instock","12":"taxable","13":"shipping-taxable","14":"purchasable","15":"product-type-variable"},"_links":{"self":[{"href":"https:\/\/quartzjewels.com\/sk\/wp-json\/wp\/v2\/product\/8072","targetHints":{"allow":["GET"]}}],"collection":[{"href":"https:\/\/quartzjewels.com\/sk\/wp-json\/wp\/v2\/product"}],"about":[{"href":"https:\/\/quartzjewels.com\/sk\/wp-json\/wp\/v2\/types\/product"}],"replies":[{"embeddable":true,"href":"https:\/\/quartzjewels.com\/sk\/wp-json\/wp\/v2\/comments?post=8072"}],"wp:featuredmedia":[{"embeddable":true,"href":"https:\/\/quartzjewels.com\/sk\/wp-json\/wp\/v2\/media\/8490"}],"wp:attachment":[{"href":"https:\/\/quartzjewels.com\/sk\/wp-json\/wp\/v2\/media?parent=8072"}],"wp:term":[{"taxonomy":"product_brand","embeddable":true,"href":"https:\/\/quartzjewels.com\/sk\/wp-json\/wp\/v2\/product_brand?post=8072"},{"taxonomy":"product_cat","embeddable":true,"href":"https:\/\/quartzjewels.com\/sk\/wp-json\/wp\/v2\/product_cat?post=8072"},{"taxonomy":"product_tag","embeddable":true,"href":"https:\/\/quartzjewels.com\/sk\/wp-json\/wp\/v2\/product_tag?post=8072"}],"curies":[{"name":"wp","href":"https:\/\/api.w.org\/{rel}","templated":true}]}}