{"id":8000,"date":"2026-04-19T21:15:06","date_gmt":"2026-04-19T21:15:06","guid":{"rendered":"https:\/\/quartzjewels.com\/sk\/?post_type=product&#038;p=8000"},"modified":"2026-04-19T21:30:01","modified_gmt":"2026-04-19T21:30:01","slug":"usny-sperk-camille","status":"publish","type":"product","link":"https:\/\/quartzjewels.com\/sk\/product\/usny-sperk-camille\/","title":{"rendered":"U\u0161n\u00fd \u0161perk CAMILLE"},"content":{"rendered":"","protected":false},"excerpt":{"rendered":"","protected":false},"featured_media":8418,"comment_status":"closed","ping_status":"closed","template":"","meta":[],"product_brand":[],"product_cat":[286],"product_tag":[],"class_list":{"0":"post-8000","1":"product","2":"type-product","3":"status-publish","4":"has-post-thumbnail","6":"product_cat-doplnky","8":"first","9":"instock","10":"taxable","11":"shipping-taxable","12":"purchasable","13":"product-type-variable"},"_links":{"self":[{"href":"https:\/\/quartzjewels.com\/sk\/wp-json\/wp\/v2\/product\/8000","targetHints":{"allow":["GET"]}}],"collection":[{"href":"https:\/\/quartzjewels.com\/sk\/wp-json\/wp\/v2\/product"}],"about":[{"href":"https:\/\/quartzjewels.com\/sk\/wp-json\/wp\/v2\/types\/product"}],"replies":[{"embeddable":true,"href":"https:\/\/quartzjewels.com\/sk\/wp-json\/wp\/v2\/comments?post=8000"}],"wp:featuredmedia":[{"embeddable":true,"href":"https:\/\/quartzjewels.com\/sk\/wp-json\/wp\/v2\/media\/8418"}],"wp:attachment":[{"href":"https:\/\/quartzjewels.com\/sk\/wp-json\/wp\/v2\/media?parent=8000"}],"wp:term":[{"taxonomy":"product_brand","embeddable":true,"href":"https:\/\/quartzjewels.com\/sk\/wp-json\/wp\/v2\/product_brand?post=8000"},{"taxonomy":"product_cat","embeddable":true,"href":"https:\/\/quartzjewels.com\/sk\/wp-json\/wp\/v2\/product_cat?post=8000"},{"taxonomy":"product_tag","embeddable":true,"href":"https:\/\/quartzjewels.com\/sk\/wp-json\/wp\/v2\/product_tag?post=8000"}],"curies":[{"name":"wp","href":"https:\/\/api.w.org\/{rel}","templated":true}]}}