{"id":8271,"date":"2026-04-19T21:34:07","date_gmt":"2026-04-19T21:34:07","guid":{"rendered":"https:\/\/quartzjewels.com\/ro\/?post_type=product&#038;p=8271"},"modified":"2026-04-25T21:51:54","modified_gmt":"2026-04-25T21:51:54","slug":"inel-charla","status":"publish","type":"product","link":"https:\/\/quartzjewels.com\/ro\/product\/inel-charla\/","title":{"rendered":"Inel CHARLA"},"content":{"rendered":"<p>Inelul CHARLA este o pies\u0103 uimitoare realizat\u0103 din o\u021bel inoxidabil 316L, asigur\u00e2nd durabilitate, r\u0103m\u00e2n\u00e2nd \u00een acela\u0219i timp hipoalergenic \u0219i f\u0103r\u0103 pete. Designul s\u0103u elegant \u00eel face un accesoriu versatil pentru orice colec\u021bie de bijuterii \u0219i este o alegere excelent\u0103 pentru un cadou atent care va fi pre\u021buit. Fie c\u0103 este purtat singur sau \u00een combina\u021bie cu alte inele, acest accesoriu elegant aduce o not\u0103 de sofisticare oric\u0103rei \u021binute. Bucura\u021bi-v\u0103 de frumuse\u021bea \u0219i str\u0103lucirea de lung\u0103 durat\u0103 pe care o ofer\u0103 inelul CHARLA.<\/p>\n","protected":false},"excerpt":{"rendered":"<p>Inelul CHARLA este o pies\u0103 uimitoare realizat\u0103 din o\u021bel inoxidabil 316L, asigur\u00e2nd durabilitate, r\u0103m\u00e2n\u00e2nd \u00een acela\u0219i timp hipoalergenic \u0219i f\u0103r\u0103 pete. Designul s\u0103u elegant \u00eel face un accesoriu versatil pentru orice colec\u021bie de bijuterii \u0219i este o alegere excelent\u0103 pentru un cadou atent care va fi pre\u021buit. Fie c\u0103 este purtat singur sau \u00een combina\u021bie [&hellip;]<\/p>\n","protected":false},"featured_media":8689,"comment_status":"closed","ping_status":"closed","template":"","meta":[],"product_brand":[],"product_cat":[],"product_tag":[280,281],"class_list":{"0":"post-8271","1":"product","2":"type-product","3":"status-publish","4":"has-post-thumbnail","6":"product_tag-lbl","7":"product_tag-lblxtb0426","9":"first","10":"instock","11":"taxable","12":"shipping-taxable","13":"purchasable","14":"product-type-simple"},"_links":{"self":[{"href":"https:\/\/quartzjewels.com\/ro\/wp-json\/wp\/v2\/product\/8271","targetHints":{"allow":["GET"]}}],"collection":[{"href":"https:\/\/quartzjewels.com\/ro\/wp-json\/wp\/v2\/product"}],"about":[{"href":"https:\/\/quartzjewels.com\/ro\/wp-json\/wp\/v2\/types\/product"}],"replies":[{"embeddable":true,"href":"https:\/\/quartzjewels.com\/ro\/wp-json\/wp\/v2\/comments?post=8271"}],"wp:featuredmedia":[{"embeddable":true,"href":"https:\/\/quartzjewels.com\/ro\/wp-json\/wp\/v2\/media\/8689"}],"wp:attachment":[{"href":"https:\/\/quartzjewels.com\/ro\/wp-json\/wp\/v2\/media?parent=8271"}],"wp:term":[{"taxonomy":"product_brand","embeddable":true,"href":"https:\/\/quartzjewels.com\/ro\/wp-json\/wp\/v2\/product_brand?post=8271"},{"taxonomy":"product_cat","embeddable":true,"href":"https:\/\/quartzjewels.com\/ro\/wp-json\/wp\/v2\/product_cat?post=8271"},{"taxonomy":"product_tag","embeddable":true,"href":"https:\/\/quartzjewels.com\/ro\/wp-json\/wp\/v2\/product_tag?post=8271"}],"curies":[{"name":"wp","href":"https:\/\/api.w.org\/{rel}","templated":true}]}}