{"id":8162,"date":"2026-04-19T21:33:24","date_gmt":"2026-04-19T21:33:24","guid":{"rendered":"https:\/\/quartzjewels.com\/ro\/?post_type=product&#038;p=8162"},"modified":"2026-04-25T21:52:06","modified_gmt":"2026-04-25T21:52:06","slug":"inel-giliane","status":"publish","type":"product","link":"https:\/\/quartzjewels.com\/ro\/product\/inel-giliane\/","title":{"rendered":"Inel GILIANE"},"content":{"rendered":"<p>Evalueaz\u0103-\u021bi jocul de accesorii cu o pies\u0103 care combin\u0103 f\u0103r\u0103 efort elegan\u021ba \u0219i stilul. Acest inel rafinat este conceput pentru a face o declara\u021bie, perfect at\u00e2t pentru purtarea de zi cu zi, c\u00e2t \u0219i pentru ocazii speciale. Piesa central\u0103 unic\u0103 de cuar\u021b capteaz\u0103 lumina frumos, cre\u00e2nd un efect uimitor care atrage aten\u021bia \u0219i complimentele.<\/p>\n<p>Confec\u021bionat cu aten\u021bie meticuloas\u0103 la detalii, acest inel are o band\u0103 confortabil\u0103 care asigur\u0103 o potrivire perfect\u0103, permi\u021b\u00e2ndu-v\u0103 s\u0103 str\u0103luci\u021bi f\u0103r\u0103 a sacrifica confortul. Frumuse\u021bea natural\u0103 a cuar\u021bului este sporit\u0103 de un decor \u0219ic, f\u0103c\u00e2ndu-l un plus versatil pentru orice colec\u021bie de bijuterii. Indiferent dac\u0103 v\u0103 \u00eembr\u0103ca\u021bi pentru o ie\u0219ire de sear\u0103 sau dac\u0103 ad\u0103uga\u021bi o not\u0103 de rafinament look-ului dvs. casual, acest inel este alegerea ideal\u0103.<\/p>\n<p>Nu rata\u021bi \u0219ansa de a de\u021bine o pies\u0103 care \u00eentruchipeaz\u0103 at\u00e2t frumuse\u021bea, c\u00e2t \u0219i m\u0103iestria. Ad\u0103uga\u021bi acest inel uimitor la colec\u021bia dvs. ast\u0103zi \u0219i l\u0103sa\u021bi-v\u0103 stilul s\u0103 str\u0103luceasc\u0103!<\/p>\n","protected":false},"excerpt":{"rendered":"<p>Evalueaz\u0103-\u021bi jocul de accesorii cu o pies\u0103 care combin\u0103 f\u0103r\u0103 efort elegan\u021ba \u0219i stilul. Acest inel rafinat este conceput pentru a face o declara\u021bie, perfect at\u00e2t pentru purtarea de zi cu zi, c\u00e2t \u0219i pentru ocazii speciale. Piesa central\u0103 unic\u0103 de cuar\u021b capteaz\u0103 lumina frumos, cre\u00e2nd un efect uimitor care atrage aten\u021bia \u0219i complimentele. Confec\u021bionat [&hellip;]<\/p>\n","protected":false},"featured_media":8580,"comment_status":"closed","ping_status":"closed","template":"","meta":[],"product_brand":[],"product_cat":[283],"product_tag":[280,281],"class_list":{"0":"post-8162","1":"product","2":"type-product","3":"status-publish","4":"has-post-thumbnail","6":"product_cat-inel","7":"product_tag-lbl","8":"product_tag-lblxtb0426","10":"first","11":"instock","12":"taxable","13":"shipping-taxable","14":"purchasable","15":"product-type-variable"},"_links":{"self":[{"href":"https:\/\/quartzjewels.com\/ro\/wp-json\/wp\/v2\/product\/8162","targetHints":{"allow":["GET"]}}],"collection":[{"href":"https:\/\/quartzjewels.com\/ro\/wp-json\/wp\/v2\/product"}],"about":[{"href":"https:\/\/quartzjewels.com\/ro\/wp-json\/wp\/v2\/types\/product"}],"replies":[{"embeddable":true,"href":"https:\/\/quartzjewels.com\/ro\/wp-json\/wp\/v2\/comments?post=8162"}],"wp:featuredmedia":[{"embeddable":true,"href":"https:\/\/quartzjewels.com\/ro\/wp-json\/wp\/v2\/media\/8580"}],"wp:attachment":[{"href":"https:\/\/quartzjewels.com\/ro\/wp-json\/wp\/v2\/media?parent=8162"}],"wp:term":[{"taxonomy":"product_brand","embeddable":true,"href":"https:\/\/quartzjewels.com\/ro\/wp-json\/wp\/v2\/product_brand?post=8162"},{"taxonomy":"product_cat","embeddable":true,"href":"https:\/\/quartzjewels.com\/ro\/wp-json\/wp\/v2\/product_cat?post=8162"},{"taxonomy":"product_tag","embeddable":true,"href":"https:\/\/quartzjewels.com\/ro\/wp-json\/wp\/v2\/product_tag?post=8162"}],"curies":[{"name":"wp","href":"https:\/\/api.w.org\/{rel}","templated":true}]}}