{"id":8401,"date":"2026-04-19T23:36:08","date_gmt":"2026-04-19T23:36:08","guid":{"rendered":"https:\/\/quartzjewels.com\/pl\/?post_type=product&#038;p=8401"},"modified":"2026-04-19T23:39:35","modified_gmt":"2026-04-19T23:39:35","slug":"lancuszek-przedluzajacy","status":"publish","type":"product","link":"https:\/\/quartzjewels.com\/pl\/product\/lancuszek-przedluzajacy\/","title":{"rendered":"\u0141a\u0144cuszek przed\u0142u\u017caj\u0105cy"},"content":{"rendered":"","protected":false},"excerpt":{"rendered":"","protected":false},"featured_media":8819,"comment_status":"closed","ping_status":"closed","template":"","meta":[],"product_brand":[],"product_cat":[286],"product_tag":[],"class_list":{"0":"post-8401","1":"product","2":"type-product","3":"status-publish","4":"has-post-thumbnail","6":"product_cat-akcesoria","8":"first","9":"outofstock","10":"taxable","11":"shipping-taxable","12":"product-type-variable"},"_links":{"self":[{"href":"https:\/\/quartzjewels.com\/pl\/wp-json\/wp\/v2\/product\/8401","targetHints":{"allow":["GET"]}}],"collection":[{"href":"https:\/\/quartzjewels.com\/pl\/wp-json\/wp\/v2\/product"}],"about":[{"href":"https:\/\/quartzjewels.com\/pl\/wp-json\/wp\/v2\/types\/product"}],"replies":[{"embeddable":true,"href":"https:\/\/quartzjewels.com\/pl\/wp-json\/wp\/v2\/comments?post=8401"}],"wp:featuredmedia":[{"embeddable":true,"href":"https:\/\/quartzjewels.com\/pl\/wp-json\/wp\/v2\/media\/8819"}],"wp:attachment":[{"href":"https:\/\/quartzjewels.com\/pl\/wp-json\/wp\/v2\/media?parent=8401"}],"wp:term":[{"taxonomy":"product_brand","embeddable":true,"href":"https:\/\/quartzjewels.com\/pl\/wp-json\/wp\/v2\/product_brand?post=8401"},{"taxonomy":"product_cat","embeddable":true,"href":"https:\/\/quartzjewels.com\/pl\/wp-json\/wp\/v2\/product_cat?post=8401"},{"taxonomy":"product_tag","embeddable":true,"href":"https:\/\/quartzjewels.com\/pl\/wp-json\/wp\/v2\/product_tag?post=8401"}],"curies":[{"name":"wp","href":"https:\/\/api.w.org\/{rel}","templated":true}]}}