{"id":8333,"date":"2026-04-19T23:35:48","date_gmt":"2026-04-19T23:35:48","guid":{"rendered":"https:\/\/quartzjewels.com\/pl\/?post_type=product&#038;p=8333"},"modified":"2026-04-19T23:38:54","modified_gmt":"2026-04-19T23:38:54","slug":"zestaw-lancucha-przedluzenia","status":"publish","type":"product","link":"https:\/\/quartzjewels.com\/pl\/product\/zestaw-lancucha-przedluzenia\/","title":{"rendered":"Zestaw \u0141a\u0144cucha Przed\u0142u\u017cenia"},"content":{"rendered":"","protected":false},"excerpt":{"rendered":"","protected":false},"featured_media":8751,"comment_status":"closed","ping_status":"closed","template":"","meta":[],"product_brand":[],"product_cat":[],"product_tag":[],"class_list":{"0":"post-8333","1":"product","2":"type-product","3":"status-publish","4":"has-post-thumbnail","7":"first","8":"instock","9":"taxable","10":"shipping-taxable","11":"purchasable","12":"product-type-simple"},"_links":{"self":[{"href":"https:\/\/quartzjewels.com\/pl\/wp-json\/wp\/v2\/product\/8333","targetHints":{"allow":["GET"]}}],"collection":[{"href":"https:\/\/quartzjewels.com\/pl\/wp-json\/wp\/v2\/product"}],"about":[{"href":"https:\/\/quartzjewels.com\/pl\/wp-json\/wp\/v2\/types\/product"}],"replies":[{"embeddable":true,"href":"https:\/\/quartzjewels.com\/pl\/wp-json\/wp\/v2\/comments?post=8333"}],"wp:featuredmedia":[{"embeddable":true,"href":"https:\/\/quartzjewels.com\/pl\/wp-json\/wp\/v2\/media\/8751"}],"wp:attachment":[{"href":"https:\/\/quartzjewels.com\/pl\/wp-json\/wp\/v2\/media?parent=8333"}],"wp:term":[{"taxonomy":"product_brand","embeddable":true,"href":"https:\/\/quartzjewels.com\/pl\/wp-json\/wp\/v2\/product_brand?post=8333"},{"taxonomy":"product_cat","embeddable":true,"href":"https:\/\/quartzjewels.com\/pl\/wp-json\/wp\/v2\/product_cat?post=8333"},{"taxonomy":"product_tag","embeddable":true,"href":"https:\/\/quartzjewels.com\/pl\/wp-json\/wp\/v2\/product_tag?post=8333"}],"curies":[{"name":"wp","href":"https:\/\/api.w.org\/{rel}","templated":true}]}}