{"id":8117,"date":"2026-04-19T23:34:49","date_gmt":"2026-04-19T23:34:49","guid":{"rendered":"https:\/\/quartzjewels.com\/pl\/?post_type=product&#038;p=8117"},"modified":"2026-04-25T22:10:33","modified_gmt":"2026-04-25T22:10:33","slug":"pierscionek-guilene","status":"publish","type":"product","link":"https:\/\/quartzjewels.com\/pl\/product\/pierscionek-guilene\/","title":{"rendered":"Pier\u015bcionek GUILENE"},"content":{"rendered":"<p>Podkre\u015bl sw\u00f3j styl i wyra\u017a wra\u017cenie dzi\u0119ki temu wyj\u0105tkowemu pier\u015bcionkowi, zaprojektowanemu tak, aby przykuwa\u0107 uwag\u0119 i odzwierciedla\u0107 Twoj\u0105 wyj\u0105tkow\u0105 osobowo\u015b\u0107. Wykonany z wysokiej jako\u015bci kwarcu, ten osza\u0142amiaj\u0105cy element nie tylko ukazuje naturalne pi\u0119kno kamienia, ale tak\u017ce dodaje elegancji ka\u017cdemu strojowi, zar\u00f3wno na co dzie\u0144, jak i na specjaln\u0105 okazj\u0119.<\/p>\n<p>Pier\u015bcie\u0144 GUILENE ma pi\u0119knie wypolerowane wyko\u0144czenie, kt\u00f3re uwydatnia po\u0142yskuj\u0105cy urok kwarcu, dzi\u0119ki czemu jest idealnym dodatkiem zar\u00f3wno na dzie\u0144, jak i na noc. Jego wszechstronny design pozwala na \u0142atwe \u0142\u0105czenie go z inn\u0105 bi\u017cuteri\u0105, tworz\u0105c warstwowy wygl\u0105d, kt\u00f3ry jest zar\u00f3wno elegancki, jak i wyrafinowany. Dodatkowo regulowana opaska zapewnia wygodne dopasowanie dla ka\u017cdego u\u017cytkownika, dzi\u0119ki czemu mo\u017cesz bez obaw pochwali\u0107 si\u0119 swoim nowym ulubionym elementem.<\/p>\n<p>Zanurz si\u0119 w pi\u0119knie tego urzekaj\u0105cego pier\u015bcionka i pozw\u00f3l, aby sta\u0142 si\u0119 cenionym dodatkiem do Twojej kolekcji bi\u017cuterii. Nie przegap szansy na posiadanie tego wspania\u0142ego dzie\u0142a \u2014 odkryj sw\u00f3j styl ju\u017c dzi\u015b!<\/p>\n","protected":false},"excerpt":{"rendered":"<p>Podkre\u015bl sw\u00f3j styl i wyra\u017a wra\u017cenie dzi\u0119ki temu wyj\u0105tkowemu pier\u015bcionkowi, zaprojektowanemu tak, aby przykuwa\u0107 uwag\u0119 i odzwierciedla\u0107 Twoj\u0105 wyj\u0105tkow\u0105 osobowo\u015b\u0107. Wykonany z wysokiej jako\u015bci kwarcu, ten osza\u0142amiaj\u0105cy element nie tylko ukazuje naturalne pi\u0119kno kamienia, ale tak\u017ce dodaje elegancji ka\u017cdemu strojowi, zar\u00f3wno na co dzie\u0144, jak i na specjaln\u0105 okazj\u0119. Pier\u015bcie\u0144 GUILENE ma pi\u0119knie wypolerowane wyko\u0144czenie, [&hellip;]<\/p>\n","protected":false},"featured_media":8535,"comment_status":"closed","ping_status":"closed","template":"","meta":[],"product_brand":[],"product_cat":[283],"product_tag":[280,281],"class_list":{"0":"post-8117","1":"product","2":"type-product","3":"status-publish","4":"has-post-thumbnail","6":"product_cat-pierscionki","7":"product_tag-lbl","8":"product_tag-lblxtb0426","10":"first","11":"instock","12":"taxable","13":"shipping-taxable","14":"purchasable","15":"product-type-variable"},"_links":{"self":[{"href":"https:\/\/quartzjewels.com\/pl\/wp-json\/wp\/v2\/product\/8117","targetHints":{"allow":["GET"]}}],"collection":[{"href":"https:\/\/quartzjewels.com\/pl\/wp-json\/wp\/v2\/product"}],"about":[{"href":"https:\/\/quartzjewels.com\/pl\/wp-json\/wp\/v2\/types\/product"}],"replies":[{"embeddable":true,"href":"https:\/\/quartzjewels.com\/pl\/wp-json\/wp\/v2\/comments?post=8117"}],"wp:featuredmedia":[{"embeddable":true,"href":"https:\/\/quartzjewels.com\/pl\/wp-json\/wp\/v2\/media\/8535"}],"wp:attachment":[{"href":"https:\/\/quartzjewels.com\/pl\/wp-json\/wp\/v2\/media?parent=8117"}],"wp:term":[{"taxonomy":"product_brand","embeddable":true,"href":"https:\/\/quartzjewels.com\/pl\/wp-json\/wp\/v2\/product_brand?post=8117"},{"taxonomy":"product_cat","embeddable":true,"href":"https:\/\/quartzjewels.com\/pl\/wp-json\/wp\/v2\/product_cat?post=8117"},{"taxonomy":"product_tag","embeddable":true,"href":"https:\/\/quartzjewels.com\/pl\/wp-json\/wp\/v2\/product_tag?post=8117"}],"curies":[{"name":"wp","href":"https:\/\/api.w.org\/{rel}","templated":true}]}}