{"id":8048,"date":"2026-04-19T23:34:28","date_gmt":"2026-04-19T23:34:28","guid":{"rendered":"https:\/\/quartzjewels.com\/pl\/?post_type=product&#038;p=8048"},"modified":"2026-04-25T22:10:44","modified_gmt":"2026-04-25T22:10:44","slug":"charm-gaia","status":"publish","type":"product","link":"https:\/\/quartzjewels.com\/pl\/product\/charm-gaia\/","title":{"rendered":"Charm GAIA"},"content":{"rendered":"<p>Podnie\u015b poziom swojej gry akcesoriami z odrobin\u0105 elegancji natury. Ten wyj\u0105tkowy wisiorek ma uchwyci\u0107 esencj\u0119 spokoju i pi\u0119kna, dzi\u0119ki czemu b\u0119dzie idealnym dodatkiem do ka\u017cdej kolekcji bi\u017cuterii. Wykonany z niezwyk\u0142\u0105 dba\u0142o\u015bci\u0105 o szczeg\u00f3\u0142y, prezentuje osza\u0142amiaj\u0105cy kwarc, kt\u00f3ry nie tylko podkre\u015bli Tw\u00f3j styl, ale tak\u017ce zapewni poczucie spokoju i r\u00f3wnowagi w Twoim \u017cyciu.<\/p>\n<p>Ka\u017cdy egzemplarz jest wyj\u0105tkowy i odzwierciedla naturalne odmiany kwarcu, dzi\u0119ki czemu Tw\u00f3j urok jest naprawd\u0119 jedyny w swoim rodzaju. Uniwersalny design pozwala na \u0142atwe \u0142\u0105czenie go z r\u00f3\u017cnymi strojami, niezale\u017cnie od tego, czy ubierasz si\u0119 na specjaln\u0105 okazj\u0119, czy dodajesz szyku swojemu codziennemu wygl\u0105dowi. Dodatkowo lekka konstrukcja zapewnia wygod\u0119 i pozwala nosi\u0107 go przez ca\u0142y dzie\u0144.<\/p>\n<p>Zanurz si\u0119 w pi\u0119knie i energii tego niezwyk\u0142ego uroku i pozw\u00f3l, aby zainspirowa\u0142 Tw\u00f3j osobisty styl. Ju\u017c dzi\u015b przekonaj si\u0119, jak mo\u017ce odmieni\u0107 Twoj\u0105 kolekcj\u0119 akcesori\u00f3w!<\/p>\n","protected":false},"excerpt":{"rendered":"<p>Podnie\u015b poziom swojej gry akcesoriami z odrobin\u0105 elegancji natury. Ten wyj\u0105tkowy wisiorek ma uchwyci\u0107 esencj\u0119 spokoju i pi\u0119kna, dzi\u0119ki czemu b\u0119dzie idealnym dodatkiem do ka\u017cdej kolekcji bi\u017cuterii. Wykonany z niezwyk\u0142\u0105 dba\u0142o\u015bci\u0105 o szczeg\u00f3\u0142y, prezentuje osza\u0142amiaj\u0105cy kwarc, kt\u00f3ry nie tylko podkre\u015bli Tw\u00f3j styl, ale tak\u017ce zapewni poczucie spokoju i r\u00f3wnowagi w Twoim \u017cyciu. Ka\u017cdy egzemplarz jest [&hellip;]<\/p>\n","protected":false},"featured_media":8466,"comment_status":"closed","ping_status":"closed","template":"","meta":[],"product_brand":[],"product_cat":[286],"product_tag":[280,281],"class_list":{"0":"post-8048","1":"product","2":"type-product","3":"status-publish","4":"has-post-thumbnail","6":"product_cat-akcesoria","7":"product_tag-lbl","8":"product_tag-lblxtb0426","10":"first","11":"instock","12":"taxable","13":"shipping-taxable","14":"purchasable","15":"product-type-variable"},"_links":{"self":[{"href":"https:\/\/quartzjewels.com\/pl\/wp-json\/wp\/v2\/product\/8048","targetHints":{"allow":["GET"]}}],"collection":[{"href":"https:\/\/quartzjewels.com\/pl\/wp-json\/wp\/v2\/product"}],"about":[{"href":"https:\/\/quartzjewels.com\/pl\/wp-json\/wp\/v2\/types\/product"}],"replies":[{"embeddable":true,"href":"https:\/\/quartzjewels.com\/pl\/wp-json\/wp\/v2\/comments?post=8048"}],"wp:featuredmedia":[{"embeddable":true,"href":"https:\/\/quartzjewels.com\/pl\/wp-json\/wp\/v2\/media\/8466"}],"wp:attachment":[{"href":"https:\/\/quartzjewels.com\/pl\/wp-json\/wp\/v2\/media?parent=8048"}],"wp:term":[{"taxonomy":"product_brand","embeddable":true,"href":"https:\/\/quartzjewels.com\/pl\/wp-json\/wp\/v2\/product_brand?post=8048"},{"taxonomy":"product_cat","embeddable":true,"href":"https:\/\/quartzjewels.com\/pl\/wp-json\/wp\/v2\/product_cat?post=8048"},{"taxonomy":"product_tag","embeddable":true,"href":"https:\/\/quartzjewels.com\/pl\/wp-json\/wp\/v2\/product_tag?post=8048"}],"curies":[{"name":"wp","href":"https:\/\/api.w.org\/{rel}","templated":true}]}}