{"id":8029,"date":"2026-04-19T23:34:21","date_gmt":"2026-04-19T23:34:21","guid":{"rendered":"https:\/\/quartzjewels.com\/pl\/?post_type=product&#038;p=8029"},"modified":"2026-04-25T22:10:48","modified_gmt":"2026-04-25T22:10:48","slug":"bransoletka-celestine","status":"publish","type":"product","link":"https:\/\/quartzjewels.com\/pl\/product\/bransoletka-celestine\/","title":{"rendered":"Bransoletka CELESTINE"},"content":{"rendered":"<p>Ulepsz swoj\u0105 gr\u0119 akcesori\u00f3w dzi\u0119ki osza\u0142amiaj\u0105cemu elementowi, kt\u00f3ry emanuje elegancj\u0105 i urokiem. Ta pi\u0119kna bransoletka prezentuje hipnotyzuj\u0105ce odcienie kwarcu celestynowego, znanego ze swoich uspokajaj\u0105cych w\u0142a\u015bciwo\u015bci i zdolno\u015bci inspirowania spokoju. Ka\u017cdy kamie\u0144 jest starannie dobierany, aby zapewni\u0107 niepowtarzalny i przyci\u0105gaj\u0105cy wzrok design, kt\u00f3ry b\u0119dzie uzupe\u0142nieniem ka\u017cdego stroju, od codziennego po formalny.<\/p>\n<p>Wykonana z precyzj\u0105 bransoletka ma delikatny, ale trwa\u0142y \u0142a\u0144cuszek, kt\u00f3ry zapewnia wygod\u0119 i styl. Regulowana d\u0142ugo\u015b\u0107 u\u0142atwia znalezienie idealnego dopasowania, dzi\u0119ki czemu mo\u017cna go nosi\u0107 przez ca\u0142y dzie\u0144 bez \u017cadnych problem\u00f3w. Naturalne pi\u0119kno kwarcu celestynowego nie tylko poprawia Tw\u00f3j wygl\u0105d, ale tak\u017ce s\u0142u\u017cy jako delikatne przypomnienie, aby w Twoim \u017cyciu panowa\u0142 spok\u00f3j i pozytywno\u015b\u0107.<\/p>\n<p>Nie przegap szansy na dodanie tego wyj\u0105tkowego egzemplarza do swojej kolekcji bi\u017cuterii. Spraw sobie lub zaskocz ukochan\u0105 osob\u0119 prezentem, kt\u00f3ry uciele\u015bnia elegancj\u0119 i wdzi\u0119k. Kup teraz i zab\u0142y\u015bnij swoim stylem!<\/p>\n","protected":false},"excerpt":{"rendered":"<p>Ulepsz swoj\u0105 gr\u0119 akcesori\u00f3w dzi\u0119ki osza\u0142amiaj\u0105cemu elementowi, kt\u00f3ry emanuje elegancj\u0105 i urokiem. Ta pi\u0119kna bransoletka prezentuje hipnotyzuj\u0105ce odcienie kwarcu celestynowego, znanego ze swoich uspokajaj\u0105cych w\u0142a\u015bciwo\u015bci i zdolno\u015bci inspirowania spokoju. Ka\u017cdy kamie\u0144 jest starannie dobierany, aby zapewni\u0107 niepowtarzalny i przyci\u0105gaj\u0105cy wzrok design, kt\u00f3ry b\u0119dzie uzupe\u0142nieniem ka\u017cdego stroju, od codziennego po formalny. Wykonana z precyzj\u0105 bransoletka ma [&hellip;]<\/p>\n","protected":false},"featured_media":8447,"comment_status":"closed","ping_status":"closed","template":"","meta":[],"product_brand":[],"product_cat":[285],"product_tag":[280,281],"class_list":{"0":"post-8029","1":"product","2":"type-product","3":"status-publish","4":"has-post-thumbnail","6":"product_cat-bransoletki","7":"product_tag-lbl","8":"product_tag-lblxtb0426","10":"first","11":"instock","12":"taxable","13":"shipping-taxable","14":"purchasable","15":"product-type-variable"},"_links":{"self":[{"href":"https:\/\/quartzjewels.com\/pl\/wp-json\/wp\/v2\/product\/8029","targetHints":{"allow":["GET"]}}],"collection":[{"href":"https:\/\/quartzjewels.com\/pl\/wp-json\/wp\/v2\/product"}],"about":[{"href":"https:\/\/quartzjewels.com\/pl\/wp-json\/wp\/v2\/types\/product"}],"replies":[{"embeddable":true,"href":"https:\/\/quartzjewels.com\/pl\/wp-json\/wp\/v2\/comments?post=8029"}],"wp:featuredmedia":[{"embeddable":true,"href":"https:\/\/quartzjewels.com\/pl\/wp-json\/wp\/v2\/media\/8447"}],"wp:attachment":[{"href":"https:\/\/quartzjewels.com\/pl\/wp-json\/wp\/v2\/media?parent=8029"}],"wp:term":[{"taxonomy":"product_brand","embeddable":true,"href":"https:\/\/quartzjewels.com\/pl\/wp-json\/wp\/v2\/product_brand?post=8029"},{"taxonomy":"product_cat","embeddable":true,"href":"https:\/\/quartzjewels.com\/pl\/wp-json\/wp\/v2\/product_cat?post=8029"},{"taxonomy":"product_tag","embeddable":true,"href":"https:\/\/quartzjewels.com\/pl\/wp-json\/wp\/v2\/product_tag?post=8029"}],"curies":[{"name":"wp","href":"https:\/\/api.w.org\/{rel}","templated":true}]}}