{"id":8052,"date":"2026-04-19T22:01:48","date_gmt":"2026-04-19T22:01:48","guid":{"rendered":"https:\/\/quartzjewels.com\/hr\/?post_type=product&#038;p=8052"},"modified":"2026-04-19T22:15:40","modified_gmt":"2026-04-19T22:15:40","slug":"car-ginka-savrsen-za-zenski-ruksak","status":"publish","type":"product","link":"https:\/\/quartzjewels.com\/hr\/product\/car-ginka-savrsen-za-zenski-ruksak\/","title":{"rendered":"\u010car GINKA &#8211; Savr\u0161en za \u017denski Ruksak"},"content":{"rendered":"","protected":false},"excerpt":{"rendered":"","protected":false},"featured_media":8470,"comment_status":"closed","ping_status":"closed","template":"","meta":[],"product_brand":[],"product_cat":[286],"product_tag":[280,281],"class_list":{"0":"post-8052","1":"product","2":"type-product","3":"status-publish","4":"has-post-thumbnail","6":"product_cat-dodaci","7":"product_tag-lbl","8":"product_tag-lblxtb0426","10":"first","11":"instock","12":"taxable","13":"shipping-taxable","14":"purchasable","15":"product-type-variable"},"_links":{"self":[{"href":"https:\/\/quartzjewels.com\/hr\/wp-json\/wp\/v2\/product\/8052","targetHints":{"allow":["GET"]}}],"collection":[{"href":"https:\/\/quartzjewels.com\/hr\/wp-json\/wp\/v2\/product"}],"about":[{"href":"https:\/\/quartzjewels.com\/hr\/wp-json\/wp\/v2\/types\/product"}],"replies":[{"embeddable":true,"href":"https:\/\/quartzjewels.com\/hr\/wp-json\/wp\/v2\/comments?post=8052"}],"wp:featuredmedia":[{"embeddable":true,"href":"https:\/\/quartzjewels.com\/hr\/wp-json\/wp\/v2\/media\/8470"}],"wp:attachment":[{"href":"https:\/\/quartzjewels.com\/hr\/wp-json\/wp\/v2\/media?parent=8052"}],"wp:term":[{"taxonomy":"product_brand","embeddable":true,"href":"https:\/\/quartzjewels.com\/hr\/wp-json\/wp\/v2\/product_brand?post=8052"},{"taxonomy":"product_cat","embeddable":true,"href":"https:\/\/quartzjewels.com\/hr\/wp-json\/wp\/v2\/product_cat?post=8052"},{"taxonomy":"product_tag","embeddable":true,"href":"https:\/\/quartzjewels.com\/hr\/wp-json\/wp\/v2\/product_tag?post=8052"}],"curies":[{"name":"wp","href":"https:\/\/api.w.org\/{rel}","templated":true}]}}