{"id":8326,"date":"2026-04-19T22:49:05","date_gmt":"2026-04-19T22:49:05","guid":{"rendered":"https:\/\/quartzjewels.com\/de\/?post_type=product&#038;p=8326"},"modified":"2026-04-25T22:03:24","modified_gmt":"2026-04-25T22:03:24","slug":"shine-ring","status":"publish","type":"product","link":"https:\/\/quartzjewels.com\/de\/product\/shine-ring\/","title":{"rendered":"SHINE Ring"},"content":{"rendered":"<p>Wir pr\u00e4sentieren den SHINE Ring, ein atemberaubendes St\u00fcck aus langlebigem 316L Edelstahl. Dieser hypoallergene und tarnfreie Ring ist in eleganten goldenen und silberbeschichteten Optionen erh\u00e4ltlich, was ihn zu einem vielseitigen Accessoire f\u00fcr jede Schmuckkollektion macht. Ob Sie sich selbst etwas Gutes tun oder nach einem durchdachten Geschenk suchen, der SHINE Ring verk\u00f6rpert zeitlose Eleganz, die zu jedem Anlass passt. Sein einfaches, aber elegantes Design sorgt daf\u00fcr, dass er \u00fcber Jahre hinweg gesch\u00e4tzt wird, was ihn zu einer wirklich besonderen Wahl f\u00fcr jeden macht.<\/p>\n","protected":false},"excerpt":{"rendered":"<p>Wir pr\u00e4sentieren den SHINE Ring, ein atemberaubendes St\u00fcck aus langlebigem 316L Edelstahl. Dieser hypoallergene und tarnfreie Ring ist in eleganten goldenen und silberbeschichteten Optionen erh\u00e4ltlich, was ihn zu einem vielseitigen Accessoire f\u00fcr jede Schmuckkollektion macht. Ob Sie sich selbst etwas Gutes tun oder nach einem durchdachten Geschenk suchen, der SHINE Ring verk\u00f6rpert zeitlose Eleganz, die [&hellip;]<\/p>\n","protected":false},"featured_media":8744,"comment_status":"closed","ping_status":"closed","template":"","meta":[],"product_brand":[],"product_cat":[283],"product_tag":[280,281],"class_list":{"0":"post-8326","1":"product","2":"type-product","3":"status-publish","4":"has-post-thumbnail","6":"product_cat-ringe","7":"product_tag-lbl","8":"product_tag-lblxtb0426","10":"first","11":"instock","12":"taxable","13":"shipping-taxable","14":"purchasable","15":"product-type-variable"},"_links":{"self":[{"href":"https:\/\/quartzjewels.com\/de\/wp-json\/wp\/v2\/product\/8326","targetHints":{"allow":["GET"]}}],"collection":[{"href":"https:\/\/quartzjewels.com\/de\/wp-json\/wp\/v2\/product"}],"about":[{"href":"https:\/\/quartzjewels.com\/de\/wp-json\/wp\/v2\/types\/product"}],"replies":[{"embeddable":true,"href":"https:\/\/quartzjewels.com\/de\/wp-json\/wp\/v2\/comments?post=8326"}],"wp:featuredmedia":[{"embeddable":true,"href":"https:\/\/quartzjewels.com\/de\/wp-json\/wp\/v2\/media\/8744"}],"wp:attachment":[{"href":"https:\/\/quartzjewels.com\/de\/wp-json\/wp\/v2\/media?parent=8326"}],"wp:term":[{"taxonomy":"product_brand","embeddable":true,"href":"https:\/\/quartzjewels.com\/de\/wp-json\/wp\/v2\/product_brand?post=8326"},{"taxonomy":"product_cat","embeddable":true,"href":"https:\/\/quartzjewels.com\/de\/wp-json\/wp\/v2\/product_cat?post=8326"},{"taxonomy":"product_tag","embeddable":true,"href":"https:\/\/quartzjewels.com\/de\/wp-json\/wp\/v2\/product_tag?post=8326"}],"curies":[{"name":"wp","href":"https:\/\/api.w.org\/{rel}","templated":true}]}}